{"id":2235,"date":"2015-03-26T12:07:53","date_gmt":"2015-03-26T12:07:53","guid":{"rendered":"http:\/\/www.prometeus.co.ao\/?page_id=22"},"modified":"2015-03-26T12:07:53","modified_gmt":"2015-03-26T12:07:53","slug":"quem-somos","status":"publish","type":"page","link":"https:\/\/site2.prometeus.co.ao\/index.php\/quem-somos\/","title":{"rendered":"Quem somos"},"content":{"rendered":"\t\t<div data-elementor-type=\"wp-page\" data-elementor-id=\"2235\" class=\"elementor elementor-2235\" data-elementor-post-type=\"page\">\n\t\t\t\t\t\t<section class=\"elementor-section elementor-top-section elementor-element elementor-element-de77774 elementor-reverse-mobile elementor-section-boxed elementor-section-height-default elementor-section-height-default\" data-id=\"de77774\" data-element_type=\"section\">\n\t\t\t\t\t\t<div class=\"elementor-container elementor-column-gap-default\">\n\t\t\t\t\t<div class=\"elementor-column elementor-col-50 elementor-top-column elementor-element elementor-element-0feaafa\" data-id=\"0feaafa\" data-element_type=\"column\">\n\t\t\t<div class=\"elementor-widget-wrap elementor-element-populated\">\n\t\t\t\t\t\t<div class=\"elementor-element elementor-element-6667fad elementor-widget elementor-widget-heading\" data-id=\"6667fad\" data-element_type=\"widget\" data-widget_type=\"heading.default\">\n\t\t\t\t<div class=\"elementor-widget-container\">\n\t\t\t<h3 class=\"elementor-heading-title elementor-size-default\">A Empresa<\/h3>\t\t<\/div>\n\t\t\t\t<\/div>\n\t\t\t\t<div class=\"elementor-element elementor-element-2aaa6a8 elementor-align-justify elementor-widget elementor-widget-button\" data-id=\"2aaa6a8\" data-element_type=\"widget\" data-widget_type=\"button.default\">\n\t\t\t\t<div class=\"elementor-widget-container\">\n\t\t\t\t\t<div class=\"elementor-button-wrapper\">\n\t\t\t<a class=\"elementor-button elementor-button-link elementor-size-sm\" href=\"https:\/\/site.prometeus.co.ao\/onde-estamos\/\">\n\t\t\t\t\t\t<span class=\"elementor-button-content-wrapper\">\n\t\t\t\t\t\t\t\t\t<span class=\"elementor-button-text\">Onde Estamos<\/span>\n\t\t\t\t\t<\/span>\n\t\t\t\t\t<\/a>\n\t\t<\/div>\n\t\t\t\t<\/div>\n\t\t\t\t<\/div>\n\t\t\t\t<div class=\"elementor-element elementor-element-512d5c9 elementor-align-justify elementor-widget elementor-widget-button\" data-id=\"512d5c9\" data-element_type=\"widget\" data-widget_type=\"button.default\">\n\t\t\t\t<div class=\"elementor-widget-container\">\n\t\t\t\t\t<div class=\"elementor-button-wrapper\">\n\t\t\t<a class=\"elementor-button elementor-button-link elementor-size-sm\" href=\"https:\/\/site.prometeus.co.ao\/certificacao\/\">\n\t\t\t\t\t\t<span class=\"elementor-button-content-wrapper\">\n\t\t\t\t\t\t\t\t\t<span class=\"elementor-button-text\">Certifica\u00e7\u00e3o<\/span>\n\t\t\t\t\t<\/span>\n\t\t\t\t\t<\/a>\n\t\t<\/div>\n\t\t\t\t<\/div>\n\t\t\t\t<\/div>\n\t\t\t\t<div class=\"elementor-element elementor-element-11f8ce5 elementor-align-justify elementor-widget elementor-widget-button\" data-id=\"11f8ce5\" data-element_type=\"widget\" data-widget_type=\"button.default\">\n\t\t\t\t<div class=\"elementor-widget-container\">\n\t\t\t\t\t<div class=\"elementor-button-wrapper\">\n\t\t\t<a class=\"elementor-button elementor-button-link elementor-size-sm\" href=\"https:\/\/site.prometeus.co.ao\/orcamento\/\">\n\t\t\t\t\t\t<span class=\"elementor-button-content-wrapper\">\n\t\t\t\t\t\t\t\t\t<span class=\"elementor-button-text\">Or\u00e7amentos<\/span>\n\t\t\t\t\t<\/span>\n\t\t\t\t\t<\/a>\n\t\t<\/div>\n\t\t\t\t<\/div>\n\t\t\t\t<\/div>\n\t\t\t\t<div class=\"elementor-element elementor-element-3ac26f2 elementor-align-justify elementor-widget elementor-widget-button\" data-id=\"3ac26f2\" data-element_type=\"widget\" data-widget_type=\"button.default\">\n\t\t\t\t<div class=\"elementor-widget-container\">\n\t\t\t\t\t<div class=\"elementor-button-wrapper\">\n\t\t\t<a class=\"elementor-button elementor-button-link elementor-size-sm\" href=\"https:\/\/site.prometeus.co.ao\/recrutamento\/\">\n\t\t\t\t\t\t<span class=\"elementor-button-content-wrapper\">\n\t\t\t\t\t\t\t\t\t<span class=\"elementor-button-text\">Recrutamento<\/span>\n\t\t\t\t\t<\/span>\n\t\t\t\t\t<\/a>\n\t\t<\/div>\n\t\t\t\t<\/div>\n\t\t\t\t<\/div>\n\t\t\t\t\t<\/div>\n\t\t<\/div>\n\t\t\t\t<div class=\"elementor-column elementor-col-50 elementor-top-column elementor-element elementor-element-4fe3911\" data-id=\"4fe3911\" data-element_type=\"column\">\n\t\t\t<div class=\"elementor-widget-wrap elementor-element-populated\">\n\t\t\t\t\t\t<div class=\"elementor-element elementor-element-04a8658 elementor-widget elementor-widget-heading\" data-id=\"04a8658\" data-element_type=\"widget\" data-widget_type=\"heading.default\">\n\t\t\t\t<div class=\"elementor-widget-container\">\n\t\t\t<h2 class=\"elementor-heading-title elementor-size-default\">A Prometeus<\/h2>\t\t<\/div>\n\t\t\t\t<\/div>\n\t\t\t\t<div class=\"elementor-element elementor-element-745e1e6 elementor-widget elementor-widget-text-editor\" data-id=\"745e1e6\" data-element_type=\"widget\" data-widget_type=\"text-editor.default\">\n\t\t\t\t<div class=\"elementor-widget-container\">\n\t\t\t\t\t\t\t<p>A Prometeus \u00e9 uma empresa de refer\u00eancia no mercado angolano em actividade h\u00e1 mais de 25 anos no sector da Limpeza e Servi\u00e7os e uma das primeiras empresas com Certifica\u00e7\u00e3o de Qualidade no nosso pa\u00eds.<\/p><p>Membro da ISSA, Associa\u00e7\u00e3o Internacional das Empresas de Limpeza desde 2009 e parceira da SAFIC, Africa Fine Chemicals, desde 1998.<\/p>\t\t\t\t\t\t<\/div>\n\t\t\t\t<\/div>\n\t\t\t\t<div class=\"elementor-element elementor-element-b2d9b6b elementor-widget elementor-widget-heading\" data-id=\"b2d9b6b\" data-element_type=\"widget\" data-widget_type=\"heading.default\">\n\t\t\t\t<div class=\"elementor-widget-container\">\n\t\t\t<h2 class=\"elementor-heading-title elementor-size-default\">Miss\u00e3o da Prometeus<\/h2>\t\t<\/div>\n\t\t\t\t<\/div>\n\t\t\t\t<div class=\"elementor-element elementor-element-1968d85 elementor-widget elementor-widget-text-editor\" data-id=\"1968d85\" data-element_type=\"widget\" data-widget_type=\"text-editor.default\">\n\t\t\t\t<div class=\"elementor-widget-container\">\n\t\t\t\t\t\t\t<p><span style=\"color: var( --e-global-color-text ); font-family: var( --e-global-typography-text-font-family ), Sans-serif; font-weight: var( --e-global-typography-text-font-weight );\">Fornecer solu\u00e7\u00f5es integradas de produtos e servi\u00e7os de elevada qualidade que permitam aos nossos clientes manter os seus ambientes limpos, est\u00e9ticos e agrad\u00e1veis contribuindo para o seu bem-estar.<\/span><br><\/p>\t\t\t\t\t\t<\/div>\n\t\t\t\t<\/div>\n\t\t\t\t<div class=\"elementor-element elementor-element-e980028 elementor-widget elementor-widget-heading\" data-id=\"e980028\" data-element_type=\"widget\" data-widget_type=\"heading.default\">\n\t\t\t\t<div class=\"elementor-widget-container\">\n\t\t\t<h2 class=\"elementor-heading-title elementor-size-default\">Princ\u00edpios \u00c9ticos Da Prometeus<\/h2>\t\t<\/div>\n\t\t\t\t<\/div>\n\t\t\t\t<div class=\"elementor-element elementor-element-414e785 elementor-widget__width-initial elementor-widget-mobile__width-inherit elementor-icon-list--layout-traditional elementor-list-item-link-full_width elementor-widget elementor-widget-icon-list\" data-id=\"414e785\" data-element_type=\"widget\" data-widget_type=\"icon-list.default\">\n\t\t\t\t<div class=\"elementor-widget-container\">\n\t\t\t\t\t<ul class=\"elementor-icon-list-items\">\n\t\t\t\t\t\t\t<li class=\"elementor-icon-list-item\">\n\t\t\t\t\t\t\t\t\t\t\t<span class=\"elementor-icon-list-icon\">\n\t\t\t\t\t\t\t<svg aria-hidden=\"true\" class=\"e-font-icon-svg e-far-check-circle\" viewBox=\"0 0 512 512\" xmlns=\"http:\/\/www.w3.org\/2000\/svg\"><path d=\"M256 8C119.033 8 8 119.033 8 256s111.033 248 248 248 248-111.033 248-248S392.967 8 256 8zm0 48c110.532 0 200 89.451 200 200 0 110.532-89.451 200-200 200-110.532 0-200-89.451-200-200 0-110.532 89.451-200 200-200m140.204 130.267l-22.536-22.718c-4.667-4.705-12.265-4.736-16.97-.068L215.346 303.697l-59.792-60.277c-4.667-4.705-12.265-4.736-16.97-.069l-22.719 22.536c-4.705 4.667-4.736 12.265-.068 16.971l90.781 91.516c4.667 4.705 12.265 4.736 16.97.068l172.589-171.204c4.704-4.668 4.734-12.266.067-16.971z\"><\/path><\/svg>\t\t\t\t\t\t<\/span>\n\t\t\t\t\t\t\t\t\t\t<span class=\"elementor-icon-list-text\">Integridade<\/span>\n\t\t\t\t\t\t\t\t\t<\/li>\n\t\t\t\t\t\t\t\t<li class=\"elementor-icon-list-item\">\n\t\t\t\t\t\t\t\t\t\t\t<span class=\"elementor-icon-list-icon\">\n\t\t\t\t\t\t\t<svg aria-hidden=\"true\" class=\"e-font-icon-svg e-far-check-circle\" viewBox=\"0 0 512 512\" xmlns=\"http:\/\/www.w3.org\/2000\/svg\"><path d=\"M256 8C119.033 8 8 119.033 8 256s111.033 248 248 248 248-111.033 248-248S392.967 8 256 8zm0 48c110.532 0 200 89.451 200 200 0 110.532-89.451 200-200 200-110.532 0-200-89.451-200-200 0-110.532 89.451-200 200-200m140.204 130.267l-22.536-22.718c-4.667-4.705-12.265-4.736-16.97-.068L215.346 303.697l-59.792-60.277c-4.667-4.705-12.265-4.736-16.97-.069l-22.719 22.536c-4.705 4.667-4.736 12.265-.068 16.971l90.781 91.516c4.667 4.705 12.265 4.736 16.97.068l172.589-171.204c4.704-4.668 4.734-12.266.067-16.971z\"><\/path><\/svg>\t\t\t\t\t\t<\/span>\n\t\t\t\t\t\t\t\t\t\t<span class=\"elementor-icon-list-text\">Profissionalismo<\/span>\n\t\t\t\t\t\t\t\t\t<\/li>\n\t\t\t\t\t\t\t\t<li class=\"elementor-icon-list-item\">\n\t\t\t\t\t\t\t\t\t\t\t<span class=\"elementor-icon-list-icon\">\n\t\t\t\t\t\t\t<svg aria-hidden=\"true\" class=\"e-font-icon-svg e-far-check-circle\" viewBox=\"0 0 512 512\" xmlns=\"http:\/\/www.w3.org\/2000\/svg\"><path d=\"M256 8C119.033 8 8 119.033 8 256s111.033 248 248 248 248-111.033 248-248S392.967 8 256 8zm0 48c110.532 0 200 89.451 200 200 0 110.532-89.451 200-200 200-110.532 0-200-89.451-200-200 0-110.532 89.451-200 200-200m140.204 130.267l-22.536-22.718c-4.667-4.705-12.265-4.736-16.97-.068L215.346 303.697l-59.792-60.277c-4.667-4.705-12.265-4.736-16.97-.069l-22.719 22.536c-4.705 4.667-4.736 12.265-.068 16.971l90.781 91.516c4.667 4.705 12.265 4.736 16.97.068l172.589-171.204c4.704-4.668 4.734-12.266.067-16.971z\"><\/path><\/svg>\t\t\t\t\t\t<\/span>\n\t\t\t\t\t\t\t\t\t\t<span class=\"elementor-icon-list-text\">Honrar<\/span>\n\t\t\t\t\t\t\t\t\t<\/li>\n\t\t\t\t\t\t\t\t<li class=\"elementor-icon-list-item\">\n\t\t\t\t\t\t\t\t\t\t\t<span class=\"elementor-icon-list-icon\">\n\t\t\t\t\t\t\t<svg aria-hidden=\"true\" class=\"e-font-icon-svg e-far-check-circle\" viewBox=\"0 0 512 512\" xmlns=\"http:\/\/www.w3.org\/2000\/svg\"><path d=\"M256 8C119.033 8 8 119.033 8 256s111.033 248 248 248 248-111.033 248-248S392.967 8 256 8zm0 48c110.532 0 200 89.451 200 200 0 110.532-89.451 200-200 200-110.532 0-200-89.451-200-200 0-110.532 89.451-200 200-200m140.204 130.267l-22.536-22.718c-4.667-4.705-12.265-4.736-16.97-.068L215.346 303.697l-59.792-60.277c-4.667-4.705-12.265-4.736-16.97-.069l-22.719 22.536c-4.705 4.667-4.736 12.265-.068 16.971l90.781 91.516c4.667 4.705 12.265 4.736 16.97.068l172.589-171.204c4.704-4.668 4.734-12.266.067-16.971z\"><\/path><\/svg>\t\t\t\t\t\t<\/span>\n\t\t\t\t\t\t\t\t\t\t<span class=\"elementor-icon-list-text\">Compromissos<\/span>\n\t\t\t\t\t\t\t\t\t<\/li>\n\t\t\t\t\t\t<\/ul>\n\t\t\t\t<\/div>\n\t\t\t\t<\/div>\n\t\t\t\t<div class=\"elementor-element elementor-element-3b8ea4c elementor-widget__width-initial elementor-widget-mobile__width-inherit elementor-icon-list--layout-traditional elementor-list-item-link-full_width elementor-widget elementor-widget-icon-list\" data-id=\"3b8ea4c\" data-element_type=\"widget\" data-widget_type=\"icon-list.default\">\n\t\t\t\t<div class=\"elementor-widget-container\">\n\t\t\t\t\t<ul class=\"elementor-icon-list-items\">\n\t\t\t\t\t\t\t<li class=\"elementor-icon-list-item\">\n\t\t\t\t\t\t\t\t\t\t\t<span class=\"elementor-icon-list-icon\">\n\t\t\t\t\t\t\t<svg aria-hidden=\"true\" class=\"e-font-icon-svg e-far-check-circle\" viewBox=\"0 0 512 512\" xmlns=\"http:\/\/www.w3.org\/2000\/svg\"><path d=\"M256 8C119.033 8 8 119.033 8 256s111.033 248 248 248 248-111.033 248-248S392.967 8 256 8zm0 48c110.532 0 200 89.451 200 200 0 110.532-89.451 200-200 200-110.532 0-200-89.451-200-200 0-110.532 89.451-200 200-200m140.204 130.267l-22.536-22.718c-4.667-4.705-12.265-4.736-16.97-.068L215.346 303.697l-59.792-60.277c-4.667-4.705-12.265-4.736-16.97-.069l-22.719 22.536c-4.705 4.667-4.736 12.265-.068 16.971l90.781 91.516c4.667 4.705 12.265 4.736 16.97.068l172.589-171.204c4.704-4.668 4.734-12.266.067-16.971z\"><\/path><\/svg>\t\t\t\t\t\t<\/span>\n\t\t\t\t\t\t\t\t\t\t<span class=\"elementor-icon-list-text\">Iniciativa<\/span>\n\t\t\t\t\t\t\t\t\t<\/li>\n\t\t\t\t\t\t\t\t<li class=\"elementor-icon-list-item\">\n\t\t\t\t\t\t\t\t\t\t\t<span class=\"elementor-icon-list-icon\">\n\t\t\t\t\t\t\t<svg aria-hidden=\"true\" class=\"e-font-icon-svg e-far-check-circle\" viewBox=\"0 0 512 512\" xmlns=\"http:\/\/www.w3.org\/2000\/svg\"><path d=\"M256 8C119.033 8 8 119.033 8 256s111.033 248 248 248 248-111.033 248-248S392.967 8 256 8zm0 48c110.532 0 200 89.451 200 200 0 110.532-89.451 200-200 200-110.532 0-200-89.451-200-200 0-110.532 89.451-200 200-200m140.204 130.267l-22.536-22.718c-4.667-4.705-12.265-4.736-16.97-.068L215.346 303.697l-59.792-60.277c-4.667-4.705-12.265-4.736-16.97-.069l-22.719 22.536c-4.705 4.667-4.736 12.265-.068 16.971l90.781 91.516c4.667 4.705 12.265 4.736 16.97.068l172.589-171.204c4.704-4.668 4.734-12.266.067-16.971z\"><\/path><\/svg>\t\t\t\t\t\t<\/span>\n\t\t\t\t\t\t\t\t\t\t<span class=\"elementor-icon-list-text\">Melhoria Cont\u00ednua<\/span>\n\t\t\t\t\t\t\t\t\t<\/li>\n\t\t\t\t\t\t\t\t<li class=\"elementor-icon-list-item\">\n\t\t\t\t\t\t\t\t\t\t\t<span class=\"elementor-icon-list-icon\">\n\t\t\t\t\t\t\t<svg aria-hidden=\"true\" class=\"e-font-icon-svg e-far-check-circle\" viewBox=\"0 0 512 512\" xmlns=\"http:\/\/www.w3.org\/2000\/svg\"><path d=\"M256 8C119.033 8 8 119.033 8 256s111.033 248 248 248 248-111.033 248-248S392.967 8 256 8zm0 48c110.532 0 200 89.451 200 200 0 110.532-89.451 200-200 200-110.532 0-200-89.451-200-200 0-110.532 89.451-200 200-200m140.204 130.267l-22.536-22.718c-4.667-4.705-12.265-4.736-16.97-.068L215.346 303.697l-59.792-60.277c-4.667-4.705-12.265-4.736-16.97-.069l-22.719 22.536c-4.705 4.667-4.736 12.265-.068 16.971l90.781 91.516c4.667 4.705 12.265 4.736 16.97.068l172.589-171.204c4.704-4.668 4.734-12.266.067-16.971z\"><\/path><\/svg>\t\t\t\t\t\t<\/span>\n\t\t\t\t\t\t\t\t\t\t<span class=\"elementor-icon-list-text\">Lealdade<\/span>\n\t\t\t\t\t\t\t\t\t<\/li>\n\t\t\t\t\t\t<\/ul>\n\t\t\t\t<\/div>\n\t\t\t\t<\/div>\n\t\t\t\t<section class=\"elementor-section elementor-inner-section elementor-element elementor-element-b8d459e elementor-section-boxed elementor-section-height-default elementor-section-height-default\" data-id=\"b8d459e\" data-element_type=\"section\">\n\t\t\t\t\t\t<div class=\"elementor-container elementor-column-gap-default\">\n\t\t\t\t\t<div class=\"elementor-column elementor-col-100 elementor-inner-column elementor-element elementor-element-f2480ea\" data-id=\"f2480ea\" data-element_type=\"column\">\n\t\t\t<div class=\"elementor-widget-wrap elementor-element-populated\">\n\t\t\t\t\t\t<div class=\"elementor-element elementor-element-1373b59 elementor-invisible elementor-widget elementor-widget-image\" data-id=\"1373b59\" data-element_type=\"widget\" data-settings=\"{&quot;_animation&quot;:&quot;zoomInLeft&quot;}\" data-widget_type=\"image.default\">\n\t\t\t\t<div class=\"elementor-widget-container\">\n\t\t\t\t\t\t\t\t\t\t\t\t\t<img fetchpriority=\"high\" decoding=\"async\" width=\"2048\" height=\"985\" src=\"https:\/\/site2.prometeus.co.ao\/wp-content\/uploads\/2023\/02\/prometeus-e1675417714440-2048x985.jpg\" class=\"attachment-2048x2048 size-2048x2048 wp-image-2093\" alt=\"\" srcset=\"https:\/\/site2.prometeus.co.ao\/wp-content\/uploads\/2023\/02\/prometeus-e1675417714440-2048x985.jpg 2048w, https:\/\/site2.prometeus.co.ao\/wp-content\/uploads\/2023\/02\/prometeus-e1675417714440-300x144.jpg 300w, https:\/\/site2.prometeus.co.ao\/wp-content\/uploads\/2023\/02\/prometeus-e1675417714440-1024x492.jpg 1024w, https:\/\/site2.prometeus.co.ao\/wp-content\/uploads\/2023\/02\/prometeus-e1675417714440-768x369.jpg 768w, https:\/\/site2.prometeus.co.ao\/wp-content\/uploads\/2023\/02\/prometeus-e1675417714440-1536x739.jpg 1536w\" sizes=\"(max-width: 2048px) 100vw, 2048px\" \/>\t\t\t\t\t\t\t\t\t\t\t\t\t<\/div>\n\t\t\t\t<\/div>\n\t\t\t\t\t<\/div>\n\t\t<\/div>\n\t\t\t\t\t<\/div>\n\t\t<\/section>\n\t\t\t\t\t<\/div>\n\t\t<\/div>\n\t\t\t\t\t<\/div>\n\t\t<\/section>\n\t\t\t\t<\/div>\n\t\t","protected":false},"excerpt":{"rendered":"<p>A Empresa Onde Estamos Certifica\u00e7\u00e3o Or\u00e7amentos Recrutamento A Prometeus A Prometeus \u00e9 uma empresa de refer\u00eancia no mercado angolano em actividade h\u00e1 mais de 25 anos no sector da Limpeza e Servi\u00e7os e uma das primeiras empresas com Certifica\u00e7\u00e3o de Qualidade no nosso pa\u00eds. Membro da ISSA, Associa\u00e7\u00e3o Internacional das Empresas de Limpeza desde 2009 [&hellip;]<\/p>\n","protected":false},"author":1,"featured_media":163,"parent":0,"menu_order":0,"comment_status":"closed","ping_status":"closed","template":"","meta":{"footnotes":""},"class_list":["post-2235","page","type-page","status-publish","has-post-thumbnail","hentry"],"yoast_head":"<!-- This site is optimized with the Yoast SEO plugin v23.7 - https:\/\/yoast.com\/wordpress\/plugins\/seo\/ -->\n<title>Quem somos - Prometeus<\/title>\n<meta name=\"robots\" content=\"noindex, follow, max-snippet:-1, max-image-preview:large, max-video-preview:-1\" \/>\n<meta property=\"og:locale\" content=\"pt_PT\" \/>\n<meta property=\"og:type\" content=\"article\" \/>\n<meta property=\"og:title\" content=\"Quem somos - Prometeus\" \/>\n<meta property=\"og:description\" content=\"A Empresa Onde Estamos Certifica\u00e7\u00e3o Or\u00e7amentos Recrutamento A Prometeus A Prometeus \u00e9 uma empresa de refer\u00eancia no mercado angolano em actividade h\u00e1 mais de 25 anos no sector da Limpeza e Servi\u00e7os e uma das primeiras empresas com Certifica\u00e7\u00e3o de Qualidade no nosso pa\u00eds. Membro da ISSA, Associa\u00e7\u00e3o Internacional das Empresas de Limpeza desde 2009 [&hellip;]\" \/>\n<meta property=\"og:url\" content=\"https:\/\/site2.prometeus.co.ao\/index.php\/quem-somos\/\" \/>\n<meta property=\"og:site_name\" content=\"Prometeus\" \/>\n<meta property=\"og:image\" content=\"https:\/\/site2.prometeus.co.ao\/wp-content\/uploads\/2015\/03\/quem-somos-imagem2.jpg\" \/>\n\t<meta property=\"og:image:width\" content=\"960\" \/>\n\t<meta property=\"og:image:height\" content=\"708\" \/>\n\t<meta property=\"og:image:type\" content=\"image\/jpeg\" \/>\n<meta name=\"twitter:card\" content=\"summary_large_image\" \/>\n<meta name=\"twitter:label1\" content=\"Tempo estimado de leitura\" \/>\n\t<meta name=\"twitter:data1\" content=\"1 minuto\" \/>\n<script type=\"application\/ld+json\" class=\"yoast-schema-graph\">{\"@context\":\"https:\/\/schema.org\",\"@graph\":[{\"@type\":\"WebPage\",\"@id\":\"https:\/\/site2.prometeus.co.ao\/index.php\/quem-somos\/\",\"url\":\"https:\/\/site2.prometeus.co.ao\/index.php\/quem-somos\/\",\"name\":\"Quem somos - Prometeus\",\"isPartOf\":{\"@id\":\"https:\/\/site2.prometeus.co.ao\/#website\"},\"primaryImageOfPage\":{\"@id\":\"https:\/\/site2.prometeus.co.ao\/index.php\/quem-somos\/#primaryimage\"},\"image\":{\"@id\":\"https:\/\/site2.prometeus.co.ao\/index.php\/quem-somos\/#primaryimage\"},\"thumbnailUrl\":\"https:\/\/site2.prometeus.co.ao\/wp-content\/uploads\/2015\/03\/quem-somos-imagem2.jpg\",\"datePublished\":\"2015-03-26T12:07:53+00:00\",\"dateModified\":\"2015-03-26T12:07:53+00:00\",\"breadcrumb\":{\"@id\":\"https:\/\/site2.prometeus.co.ao\/index.php\/quem-somos\/#breadcrumb\"},\"inLanguage\":\"pt-PT\",\"potentialAction\":[{\"@type\":\"ReadAction\",\"target\":[\"https:\/\/site2.prometeus.co.ao\/index.php\/quem-somos\/\"]}]},{\"@type\":\"ImageObject\",\"inLanguage\":\"pt-PT\",\"@id\":\"https:\/\/site2.prometeus.co.ao\/index.php\/quem-somos\/#primaryimage\",\"url\":\"https:\/\/site2.prometeus.co.ao\/wp-content\/uploads\/2015\/03\/quem-somos-imagem2.jpg\",\"contentUrl\":\"https:\/\/site2.prometeus.co.ao\/wp-content\/uploads\/2015\/03\/quem-somos-imagem2.jpg\",\"width\":960,\"height\":708},{\"@type\":\"BreadcrumbList\",\"@id\":\"https:\/\/site2.prometeus.co.ao\/index.php\/quem-somos\/#breadcrumb\",\"itemListElement\":[{\"@type\":\"ListItem\",\"position\":1,\"name\":\"Home\",\"item\":\"https:\/\/site2.prometeus.co.ao\/\"},{\"@type\":\"ListItem\",\"position\":2,\"name\":\"Quem somos\"}]},{\"@type\":\"WebSite\",\"@id\":\"https:\/\/site2.prometeus.co.ao\/#website\",\"url\":\"https:\/\/site2.prometeus.co.ao\/\",\"name\":\"Prometeus\",\"description\":\"Solu\u00e7\u00f5es de Higiene\",\"publisher\":{\"@id\":\"https:\/\/site2.prometeus.co.ao\/#organization\"},\"potentialAction\":[{\"@type\":\"SearchAction\",\"target\":{\"@type\":\"EntryPoint\",\"urlTemplate\":\"https:\/\/site2.prometeus.co.ao\/?s={search_term_string}\"},\"query-input\":{\"@type\":\"PropertyValueSpecification\",\"valueRequired\":true,\"valueName\":\"search_term_string\"}}],\"inLanguage\":\"pt-PT\"},{\"@type\":\"Organization\",\"@id\":\"https:\/\/site2.prometeus.co.ao\/#organization\",\"name\":\"Prometeus\",\"url\":\"https:\/\/site2.prometeus.co.ao\/\",\"logo\":{\"@type\":\"ImageObject\",\"inLanguage\":\"pt-PT\",\"@id\":\"https:\/\/site2.prometeus.co.ao\/#\/schema\/logo\/image\/\",\"url\":\"https:\/\/site2.prometeus.co.ao\/wp-content\/uploads\/2024\/10\/logo-prometeus.png\",\"contentUrl\":\"https:\/\/site2.prometeus.co.ao\/wp-content\/uploads\/2024\/10\/logo-prometeus.png\",\"width\":343,\"height\":80,\"caption\":\"Prometeus\"},\"image\":{\"@id\":\"https:\/\/site2.prometeus.co.ao\/#\/schema\/logo\/image\/\"}}]}<\/script>\n<!-- \/ Yoast SEO plugin. -->","yoast_head_json":{"title":"Quem somos - Prometeus","robots":{"index":"noindex","follow":"follow","max-snippet":"max-snippet:-1","max-image-preview":"max-image-preview:large","max-video-preview":"max-video-preview:-1"},"og_locale":"pt_PT","og_type":"article","og_title":"Quem somos - Prometeus","og_description":"A Empresa Onde Estamos Certifica\u00e7\u00e3o Or\u00e7amentos Recrutamento A Prometeus A Prometeus \u00e9 uma empresa de refer\u00eancia no mercado angolano em actividade h\u00e1 mais de 25 anos no sector da Limpeza e Servi\u00e7os e uma das primeiras empresas com Certifica\u00e7\u00e3o de Qualidade no nosso pa\u00eds. Membro da ISSA, Associa\u00e7\u00e3o Internacional das Empresas de Limpeza desde 2009 [&hellip;]","og_url":"https:\/\/site2.prometeus.co.ao\/index.php\/quem-somos\/","og_site_name":"Prometeus","og_image":[{"width":960,"height":708,"url":"https:\/\/site2.prometeus.co.ao\/wp-content\/uploads\/2015\/03\/quem-somos-imagem2.jpg","type":"image\/jpeg"}],"twitter_card":"summary_large_image","twitter_misc":{"Tempo estimado de leitura":"1 minuto"},"schema":{"@context":"https:\/\/schema.org","@graph":[{"@type":"WebPage","@id":"https:\/\/site2.prometeus.co.ao\/index.php\/quem-somos\/","url":"https:\/\/site2.prometeus.co.ao\/index.php\/quem-somos\/","name":"Quem somos - Prometeus","isPartOf":{"@id":"https:\/\/site2.prometeus.co.ao\/#website"},"primaryImageOfPage":{"@id":"https:\/\/site2.prometeus.co.ao\/index.php\/quem-somos\/#primaryimage"},"image":{"@id":"https:\/\/site2.prometeus.co.ao\/index.php\/quem-somos\/#primaryimage"},"thumbnailUrl":"https:\/\/site2.prometeus.co.ao\/wp-content\/uploads\/2015\/03\/quem-somos-imagem2.jpg","datePublished":"2015-03-26T12:07:53+00:00","dateModified":"2015-03-26T12:07:53+00:00","breadcrumb":{"@id":"https:\/\/site2.prometeus.co.ao\/index.php\/quem-somos\/#breadcrumb"},"inLanguage":"pt-PT","potentialAction":[{"@type":"ReadAction","target":["https:\/\/site2.prometeus.co.ao\/index.php\/quem-somos\/"]}]},{"@type":"ImageObject","inLanguage":"pt-PT","@id":"https:\/\/site2.prometeus.co.ao\/index.php\/quem-somos\/#primaryimage","url":"https:\/\/site2.prometeus.co.ao\/wp-content\/uploads\/2015\/03\/quem-somos-imagem2.jpg","contentUrl":"https:\/\/site2.prometeus.co.ao\/wp-content\/uploads\/2015\/03\/quem-somos-imagem2.jpg","width":960,"height":708},{"@type":"BreadcrumbList","@id":"https:\/\/site2.prometeus.co.ao\/index.php\/quem-somos\/#breadcrumb","itemListElement":[{"@type":"ListItem","position":1,"name":"Home","item":"https:\/\/site2.prometeus.co.ao\/"},{"@type":"ListItem","position":2,"name":"Quem somos"}]},{"@type":"WebSite","@id":"https:\/\/site2.prometeus.co.ao\/#website","url":"https:\/\/site2.prometeus.co.ao\/","name":"Prometeus","description":"Solu\u00e7\u00f5es de Higiene","publisher":{"@id":"https:\/\/site2.prometeus.co.ao\/#organization"},"potentialAction":[{"@type":"SearchAction","target":{"@type":"EntryPoint","urlTemplate":"https:\/\/site2.prometeus.co.ao\/?s={search_term_string}"},"query-input":{"@type":"PropertyValueSpecification","valueRequired":true,"valueName":"search_term_string"}}],"inLanguage":"pt-PT"},{"@type":"Organization","@id":"https:\/\/site2.prometeus.co.ao\/#organization","name":"Prometeus","url":"https:\/\/site2.prometeus.co.ao\/","logo":{"@type":"ImageObject","inLanguage":"pt-PT","@id":"https:\/\/site2.prometeus.co.ao\/#\/schema\/logo\/image\/","url":"https:\/\/site2.prometeus.co.ao\/wp-content\/uploads\/2024\/10\/logo-prometeus.png","contentUrl":"https:\/\/site2.prometeus.co.ao\/wp-content\/uploads\/2024\/10\/logo-prometeus.png","width":343,"height":80,"caption":"Prometeus"},"image":{"@id":"https:\/\/site2.prometeus.co.ao\/#\/schema\/logo\/image\/"}}]}},"_links":{"self":[{"href":"https:\/\/site2.prometeus.co.ao\/index.php\/wp-json\/wp\/v2\/pages\/2235","targetHints":{"allow":["GET"]}}],"collection":[{"href":"https:\/\/site2.prometeus.co.ao\/index.php\/wp-json\/wp\/v2\/pages"}],"about":[{"href":"https:\/\/site2.prometeus.co.ao\/index.php\/wp-json\/wp\/v2\/types\/page"}],"author":[{"embeddable":true,"href":"https:\/\/site2.prometeus.co.ao\/index.php\/wp-json\/wp\/v2\/users\/1"}],"replies":[{"embeddable":true,"href":"https:\/\/site2.prometeus.co.ao\/index.php\/wp-json\/wp\/v2\/comments?post=2235"}],"version-history":[{"count":0,"href":"https:\/\/site2.prometeus.co.ao\/index.php\/wp-json\/wp\/v2\/pages\/2235\/revisions"}],"wp:featuredmedia":[{"embeddable":true,"href":"https:\/\/site2.prometeus.co.ao\/index.php\/wp-json\/wp\/v2\/media\/163"}],"wp:attachment":[{"href":"https:\/\/site2.prometeus.co.ao\/index.php\/wp-json\/wp\/v2\/media?parent=2235"}],"curies":[{"name":"wp","href":"https:\/\/api.w.org\/{rel}","templated":true}]}}